{"id":215,"date":"2025-09-10T08:28:37","date_gmt":"2025-09-10T06:28:37","guid":{"rendered":"https:\/\/babysleepbytati.com\/sonho-de-infancia\/"},"modified":"2026-04-02T19:47:30","modified_gmt":"2026-04-02T17:47:30","slug":"sonho-de-infancia","status":"publish","type":"page","link":"https:\/\/babysleepbytati.com\/pt-br\/sonho-de-infancia\/","title":{"rendered":"Servi\u00e7os e Produtos"},"content":{"rendered":"<div class=\"wpb-content-wrapper\"><p>[vc_row][vc_column][vc_custom_heading text=&#8221;Servi\u00e7os de aconselhamento sobre sono infantil&#8221; font_container=&#8221;tag:h1|text_align:center&#8221; use_theme_fonts=&#8221;yes&#8221; css_animation=&#8221;top-to-bottom&#8221; css=&#8221;&#8221;][\/vc_column][\/vc_row][vc_row full_width=&#8221;stretch_row&#8221; equal_height=&#8221;yes&#8221; css=&#8221;.vc_custom_1759423772041{background-color: #FFF1F2 !important;}&#8221;][vc_column width=&#8221;1\/3&#8243;][vc_pricing_table heading=&#8221;Gr\u00e1vidas&#8221; subheading=&#8221;Chamada de 50 minutos&#8221; currency=&#8221;&#8221; price=&#8221;60\u20ac&#8221; period=&#8221;&#8221; btn_title=&#8221;Solicitar Consulta&#8221; btn_shape=&#8221;round&#8221; btn_color=&#8221;pink&#8221; css=&#8221;.vc_custom_1768686214391{background-color: #FFFFFF !important;border-radius: 30px !important;}&#8221; btn_el_class=&#8221;boton-baby&#8221; btn_link=&#8221;url:https%3A%2F%2Fbabysleepbytati.com%2Freservas%2F%3Fservice_id%3D5&#8243;]<\/p>\n<p class=\"isSelectedEnd\" style=\"text-align: center;\">Uma videochamada pensada para te preparar antes do nascimento do seu beb\u00ea, porque o descanso n\u00e3o se improvisa \u2014 ele \u00e9 acompanhado desde o primeiro dia. Vamos conversar sobre o que realmente esperar do sono ao nascer, como viver e sustentar o quarto trimestre com seguran\u00e7a e tranquilidade, e quais h\u00e1bitos de descanso voc\u00ea pode come\u00e7ar a construir desde os primeiros meses para favorecer um sono saud\u00e1vel. N\u00e3o se trata de criar rotinas r\u00edgidas, e sim de entender o seu beb\u00ea, ler seus sinais e estabelecer bases s\u00f3lidas que cuidam do descanso dele\u2026 e tamb\u00e9m do seu.  <\/p>\n<p>[\/vc_pricing_table][\/vc_column][vc_column width=&#8221;1\/3&#8243;][vc_pricing_table heading=&#8221;Consultoria 1:1&#8243; subheading=&#8221;Chamada de 60 minutos&#8221; currency=&#8221;&#8221; price=&#8221;75\u20ac&#8221; period=&#8221;&#8221; btn_title=&#8221;Solicitar Consulta&#8221; btn_shape=&#8221;round&#8221; btn_color=&#8221;pink&#8221; css=&#8221;.vc_custom_1767910062650{background-color: #FFFFFF !important;border-radius: 30px !important;}&#8221; btn_link=&#8221;url:https%3A%2F%2Fbabysleepbytati.com%2Freservas%2F%3Fservice_id%3D1&#8243;]<\/p>\n<p style=\"text-align: center;\">Voc\u00ea ter\u00e1 acesso a uma chamada personalizada de 60 minutos comigo para tirar todas as suas d\u00favidas sobre o sono do seu beb\u00ea: desde regress\u00f5es, despertares frequentes e madrugadores, at\u00e9 como lidar com viagens ou mudan\u00e7as na rotina. \u00c9 um espa\u00e7o para receber orienta\u00e7\u00e3o clara e pr\u00e1tica, mas n\u00e3o inclui um plano de sono individualizado \u2014 e sim respostas e estrat\u00e9gias adaptadas \u00e0 sua situa\u00e7\u00e3o atual. <\/p>\n<p>[\/vc_pricing_table][\/vc_column][vc_column width=&#8221;1\/3&#8243;][vc_pricing_table heading=&#8221;Plano de Sono&#8221; subheading=&#8221;Chamada de 75 minutos&#8221; currency=&#8221;&#8221; price=&#8221;111\u20ac&#8221; period=&#8221;&#8221; btn_title=&#8221;Solicitar Consulta&#8221; btn_shape=&#8221;round&#8221; btn_color=&#8221;pink&#8221; css=&#8221;.vc_custom_1767910080366{background-color: #FFFFFF !important;border-radius: 30px !important;}&#8221; btn_link=&#8221;url:https%3A%2F%2Fbabysleepbytati.com%2Freservas%2F%3Fservice_id%3D2&#8243;]<\/p>\n<p style=\"text-align: center;\">Uma videochamada de 75 minutos onde realizamos uma avalia\u00e7\u00e3o global e profunda do sono do seu beb\u00ea a partir das informa\u00e7\u00f5es que voc\u00ea me envia previamente no question\u00e1rio. Analisamos com cuidado a higiene do sono, revisamos os hor\u00e1rios e as rotinas atuais e, mesmo quando voc\u00ea sente que \u201cest\u00e1 tudo bem\u201d, quase sempre encontramos pequenos detalhes que est\u00e3o sabotando o descanso. A partir disso, definimos um plano de sono totalmente personalizado, respeitoso e alinhado \u00e0s necessidades do seu beb\u00ea\u2026 e \u00e0 tranquilidade emocional que voc\u00ea precisa para acompanh\u00e1-lo com amor, e n\u00e3o com exaust\u00e3o.  <\/p>\n<p>[\/vc_pricing_table][\/vc_column][\/vc_row][vc_row full_width=&#8221;stretch_row&#8221; equal_height=&#8221;yes&#8221; css=&#8221;.vc_custom_1775146406727{background-color: #FFF1F2 !important;}&#8221; row_title=&#8221;eBook: El sueno de tu beb\u00e9 mes a mes&#8221;][vc_column width=&#8221;1\/3&#8243;][vc_pricing_table heading=&#8221;Plano de Acompanhamento&#8221; subheading=&#8221;Chamada + WhatsApp 2 Semanas&#8221; currency=&#8221;&#8221; price=&#8221;190\u20ac&#8221; period=&#8221;&#8221; btn_title=&#8221;Solicitar Consulta&#8221; btn_shape=&#8221;round&#8221; btn_color=&#8221;pink&#8221; css=&#8221;.vc_custom_1767910349714{background-color: #FFFFFF !important;border-radius: 30px !important;}&#8221; btn_link=&#8221;url:https%3A%2F%2Fbabysleepbytati.com%2Freservas%2F%3Fservice_id%3D3&#8243;]<\/p>\n<p style=\"text-align: center;\">Uma videochamada de 75 minutos onde realizamos uma avalia\u00e7\u00e3o completa do sono do seu beb\u00ea a partir das informa\u00e7\u00f5es que voc\u00ea me envia no question\u00e1rio. Revisamos em profundidade a higiene do sono, analisamos os hor\u00e1rios e as rotinas atuais \u2014 inclusive aquelas que parecem inofensivas, mas que muitas vezes est\u00e3o interferindo \u2014 e, com tudo isso, definimos um plano de sono totalmente personalizado, respeitoso e adaptado \u00e0s necessidades reais do seu beb\u00ea e da sua fam\u00edlia.<br \/>Al\u00e9m disso, voc\u00ea contar\u00e1 com acompanhamento di\u00e1rio pelo WhatsApp durante 2 semanas, para te orientar passo a passo, tirar d\u00favidas em tempo real e ajustar o plano conforme a resposta do seu beb\u00ea, sempre mantendo o v\u00ednculo, a calma e a seguran\u00e7a emocional.  <\/p>\n<p>[\/vc_pricing_table][\/vc_column][vc_column width=&#8221;1\/3&#8243;][vc_pricing_table heading=&#8221;Plano Premium&#8221; subheading=&#8221;Videochamada + Whatsapp 3 Semanas&#8221; currency=&#8221;&#8221; price=&#8221;295\u20ac&#8221; period=&#8221;&#8221; btn_title=&#8221;Solicitar Consulta&#8221; btn_shape=&#8221;round&#8221; btn_color=&#8221;pink&#8221; css=&#8221;.vc_custom_1767910396935{background-color: #FFFFFF !important;border-radius: 30px !important;}&#8221; btn_link=&#8221;url:https%3A%2F%2Fbabysleepbytati.com%2Freservas%2F%3Fservice_id%3D4&#8243;]<\/p>\n<div class=\"flex flex-col text-sm pb-25\">\n<article class=\"text-token-text-primary w-full focus:outline-none [--shadow-height:45px] has-data-writing-block:pointer-events-none has-data-writing-block:-mt-(--shadow-height) has-data-writing-block:pt-(--shadow-height) [&amp;:has([data-writing-block])&gt;*]:pointer-events-auto scroll-mt-[calc(var(--header-height)+min(200px,max(70px,20svh)))]\" dir=\"auto\" tabindex=\"-1\" data-turn-id=\"request-WEB:960a53a2-3c98-4f2b-bcc7-6ff5cd0fed6b-3\" data-testid=\"conversation-turn-8\" data-scroll-anchor=\"true\" data-turn=\"assistant\">\n<div class=\"text-base my-auto mx-auto pb-10 [--thread-content-margin:--spacing(4)] @w-sm\/main:[--thread-content-margin:--spacing(6)] @w-lg\/main:[--thread-content-margin:--spacing(16)] px-(--thread-content-margin)\">\n<div class=\"[--thread-content-max-width:40rem] @w-lg\/main:[--thread-content-max-width:48rem] mx-auto max-w-(--thread-content-max-width) flex-1 group\/turn-messages focus-visible:outline-hidden relative flex w-full min-w-0 flex-col agent-turn\" tabindex=\"-1\">\n<div class=\"flex max-w-full flex-col grow\">\n<div class=\"min-h-8 text-message relative flex w-full flex-col items-end gap-2 text-start break-words whitespace-normal [.text-message+&amp;]:mt-1\" dir=\"auto\" data-message-author-role=\"assistant\" data-message-id=\"aa0d2fc0-eef6-43b3-9423-40463adcf38d\" data-message-model-slug=\"gpt-5-2\">\n<div class=\"flex w-full flex-col gap-1 empty:hidden first:pt-[1px]\">\n<div class=\"markdown prose dark:prose-invert w-full break-words light markdown-new-styling\">\n<p style=\"text-align: center;\" data-start=\"0\" data-end=\"1023\" data-is-last-node=\"\" data-is-only-node=\"\">ste \u00e9 um acompanhamento premium e integral, pensado para transformar o descanso do seu beb\u00ea e devolver a calma \u00e0 sua fam\u00edlia. Come\u00e7amos com uma videochamada privada de 75 minutos, na qual fa\u00e7o uma avalia\u00e7\u00e3o detalhada do sono do seu beb\u00ea a partir do question\u00e1rio inicial, analisando em profundidade a higiene do sono, os hor\u00e1rios e as rotinas que hoje est\u00e3o sustentando \u2014 ou bloqueando \u2014 o descanso dele.<br \/>Com essa base, elaboro um plano de sono 100% personalizado, respeitoso e alinhado \u00e0 etapa de desenvolvimento do seu beb\u00ea e aos valores da sua fam\u00edlia. Durante todo o processo, voc\u00ea contar\u00e1 com acompanhamento di\u00e1rio e pr\u00f3ximo pelo WhatsApp durante 3 semanas, para ajustes finos, acolhimento emocional e um suporte real em cada passo.<br \/>Encerramos com uma videochamada de acompanhamento 10 dias ap\u00f3s o in\u00edcio da implementa\u00e7\u00e3o, onde consolidamos os avan\u00e7os, corrigimos desvios e devolvemos a voc\u00ea a seguran\u00e7a e a confian\u00e7a para sustentar o sono do seu beb\u00ea a longo prazo \u2014 com amor, e n\u00e3o a partir do esgotamento.   <\/p>\n<\/div>\n<\/div>\n<\/div>\n<\/div>\n<div class=\"z-0 flex min-h-[46px] justify-start\"><\/div>\n<div class=\"mt-3 w-full empty:hidden\">\n<div class=\"text-center\"><\/div>\n<\/div>\n<\/div>\n<\/div>\n<\/article>\n<\/div>\n<div class=\"pointer-events-none h-px w-px absolute bottom-0\" aria-hidden=\"true\" data-edge=\"true\"><\/div>\n<p>[\/vc_pricing_table][\/vc_column][vc_column width=&#8221;1\/3&#8243;][vc_pricing_table heading=&#8221;eBook: O sono do seu beb\u00ea m\u00eas a m\u00eas&#8221; subheading=&#8221;O mais completo do mercado, com mais de 80 p\u00e1ginas de conte\u00fado pr\u00e1tico&#8221; currency=&#8221;&#8221; price=&#8221;12\u20ac&#8221; period=&#8221;&#8221; btn_title=&#8221;Comprar em Etsy&#8221; btn_shape=&#8221;round&#8221; btn_color=&#8221;pink&#8221; css=&#8221;.vc_custom_1775151369126{background-color: #FFFFFF !important;border-radius: 30px !important;}&#8221; btn_link=&#8221;url:https%3A%2F%2Fwww.etsy.com%2Fes%2Flisting%2F4478309400%2Fueno-del-bebe-0-4-meses-guia-para-recien&#8221;]<\/p>\n<div class=\"flex flex-col text-sm pb-25\">\n<article class=\"text-token-text-primary w-full focus:outline-none [--shadow-height:45px] has-data-writing-block:pointer-events-none has-data-writing-block:-mt-(--shadow-height) has-data-writing-block:pt-(--shadow-height) [&amp;:has([data-writing-block])&gt;*]:pointer-events-auto scroll-mt-[calc(var(--header-height)+min(200px,max(70px,20svh)))]\" dir=\"auto\" tabindex=\"-1\" data-turn-id=\"request-WEB:960a53a2-3c98-4f2b-bcc7-6ff5cd0fed6b-3\" data-testid=\"conversation-turn-8\" data-scroll-anchor=\"true\" data-turn=\"assistant\">\n<div class=\"text-base my-auto mx-auto pb-10 [--thread-content-margin:--spacing(4)] @w-sm\/main:[--thread-content-margin:--spacing(6)] @w-lg\/main:[--thread-content-margin:--spacing(16)] px-(--thread-content-margin)\">\n<div class=\"[--thread-content-max-width:40rem] @w-lg\/main:[--thread-content-max-width:48rem] mx-auto max-w-(--thread-content-max-width) flex-1 group\/turn-messages focus-visible:outline-hidden relative flex w-full min-w-0 flex-col agent-turn\" tabindex=\"-1\">\n<div class=\"flex max-w-full flex-col grow\">\n<div class=\"min-h-8 text-message relative flex w-full flex-col items-end gap-2 text-start break-words whitespace-normal [.text-message+&amp;]:mt-1\" dir=\"auto\" data-message-author-role=\"assistant\" data-message-id=\"aa0d2fc0-eef6-43b3-9423-40463adcf38d\" data-message-model-slug=\"gpt-5-2\">\n<div class=\"flex w-full flex-col gap-1 empty:hidden first:pt-[1px]\">\n<div class=\"markdown prose dark:prose-invert w-full break-words light markdown-new-styling\">\n<p style=\"text-align: center;\" data-start=\"0\" data-end=\"1023\" data-is-last-node=\"\" data-is-only-node=\"\">Guia de sono para beb\u00eas de 0 a 4 meses. Um recurso pr\u00e1tico para m\u00e3es de primeira viagem que desejam entender o sono do rec\u00e9m-nascido e criar rotinas suaves e respeitosas. Inclui sinais de sono, janelas de vig\u00edlia e orienta\u00e7\u00f5es baseadas em ci\u00eancia.<br \/>O guia que devolve a calma aos primeiros meses do seu beb\u00ea. Os despertares, as d\u00favidas e o cansa\u00e7o n\u00e3o precisam ser vividos sozinha.<br \/>Este eBook te acompanha com clareza, ci\u00eancia e muito carinho. Aqui voc\u00ea encontrar\u00e1 tudo o que eu gostaria de ter sabido quando meu filho nasceu: como funciona o sono do rec\u00e9m-nascido, o que \u00e9 normal e o que n\u00e3o \u00e9, como evitar o excesso de cansa\u00e7o, como acolher sem treinamentos e como construir uma base de descanso saud\u00e1vel desde o in\u00edcio.<br \/>\n\u00c9 um guia pr\u00e1tico, respeitoso e realista, pensado para beb\u00eas de 0 a 4 meses, onde voc\u00ea vai aprender:<br \/>\n\u2013 Como o sono evolui m\u00eas a m\u00eas<br \/>\n\u2013 Sinais de sono e janelas de vig\u00edlia<br \/>\n\u2013 O que fazer com as sonecas curtas<br \/>\n\u2013 Como apoiar o sono sem deixar o beb\u00ea chorar<br \/>\n\u2013 O que esperar da famosa regress\u00e3o dos 4 meses<br \/>\n\u2013 Rotinas suaves, ambiente, mitos e conselhos reais<br \/>\n\u2013 Casos de m\u00e3es que j\u00e1 passaram por isso<\/p>\n<\/div>\n<\/div>\n<\/div>\n<\/div>\n<\/div>\n<\/div>\n<\/article>\n<\/div>\n<p>[\/vc_pricing_table][\/vc_column][\/vc_row]<\/p>\n<\/div>","protected":false},"excerpt":{"rendered":"<p>[vc_row][vc_column][vc_custom_heading text=&#8221;Servi\u00e7os de aconselhamento sobre sono infantil&#8221; font_container=&#8221;tag:h1|text_align:center&#8221; use_theme_fonts=&#8221;yes&#8221; css_animation=&#8221;top-to-bottom&#8221; css=&#8221;&#8221;][\/vc_column][\/vc_row][vc_row full_width=&#8221;stretch_row&#8221; equal_height=&#8221;yes&#8221; css=&#8221;.vc_custom_1759423772041{background-color: #FFF1F2 !important;}&#8221;][vc_column width=&#8221;1\/3&#8243;][vc_pricing_table heading=&#8221;Gr\u00e1vidas&#8221; subheading=&#8221;Chamada de [&hellip;]<\/p>\n","protected":false},"author":1,"featured_media":0,"parent":0,"menu_order":0,"comment_status":"closed","ping_status":"closed","template":"","meta":{"site-sidebar-layout":"no-sidebar","site-content-layout":"plain-container","ast-site-content-layout":"default","site-content-style":"default","site-sidebar-style":"default","ast-global-header-display":"","ast-banner-title-visibility":"","ast-main-header-display":"","ast-hfb-above-header-display":"","ast-hfb-below-header-display":"","ast-hfb-mobile-header-display":"","site-post-title":"disabled","ast-breadcrumbs-content":"","ast-featured-img":"disabled","footer-sml-layout":"","ast-disable-related-posts":"","theme-transparent-header-meta":"default","adv-header-id-meta":"","stick-header-meta":"","header-above-stick-meta":"","header-main-stick-meta":"","header-below-stick-meta":"","astra-migrate-meta-layouts":"set","ast-page-background-enabled":"default","ast-page-background-meta":{"desktop":{"background-color":"var(--ast-global-color-5)","background-image":"","background-repeat":"repeat","background-position":"center center","background-size":"auto","background-attachment":"scroll","background-type":"","background-media":"","overlay-type":"","overlay-color":"","overlay-opacity":"","overlay-gradient":""},"tablet":{"background-color":"","background-image":"","background-repeat":"repeat","background-position":"center center","background-size":"auto","background-attachment":"scroll","background-type":"","background-media":"","overlay-type":"","overlay-color":"","overlay-opacity":"","overlay-gradient":""},"mobile":{"background-color":"","background-image":"","background-repeat":"repeat","background-position":"center center","background-size":"auto","background-attachment":"scroll","background-type":"","background-media":"","overlay-type":"","overlay-color":"","overlay-opacity":"","overlay-gradient":""}},"ast-content-background-meta":{"desktop":{"background-color":"var(--ast-global-color-4)","background-image":"","background-repeat":"repeat","background-position":"center center","background-size":"auto","background-attachment":"scroll","background-type":"","background-media":"","overlay-type":"","overlay-color":"","overlay-opacity":"","overlay-gradient":""},"tablet":{"background-color":"var(--ast-global-color-4)","background-image":"","background-repeat":"repeat","background-position":"center center","background-size":"auto","background-attachment":"scroll","background-type":"","background-media":"","overlay-type":"","overlay-color":"","overlay-opacity":"","overlay-gradient":""},"mobile":{"background-color":"var(--ast-global-color-4)","background-image":"","background-repeat":"repeat","background-position":"center center","background-size":"auto","background-attachment":"scroll","background-type":"","background-media":"","overlay-type":"","overlay-color":"","overlay-opacity":"","overlay-gradient":""}},"_joinchat":[],"footnotes":""},"class_list":["post-215","page","type-page","status-publish","hentry"],"_links":{"self":[{"href":"https:\/\/babysleepbytati.com\/pt-br\/wp-json\/wp\/v2\/pages\/215","targetHints":{"allow":["GET"]}}],"collection":[{"href":"https:\/\/babysleepbytati.com\/pt-br\/wp-json\/wp\/v2\/pages"}],"about":[{"href":"https:\/\/babysleepbytati.com\/pt-br\/wp-json\/wp\/v2\/types\/page"}],"author":[{"embeddable":true,"href":"https:\/\/babysleepbytati.com\/pt-br\/wp-json\/wp\/v2\/users\/1"}],"replies":[{"embeddable":true,"href":"https:\/\/babysleepbytati.com\/pt-br\/wp-json\/wp\/v2\/comments?post=215"}],"version-history":[{"count":2,"href":"https:\/\/babysleepbytati.com\/pt-br\/wp-json\/wp\/v2\/pages\/215\/revisions"}],"predecessor-version":[{"id":373,"href":"https:\/\/babysleepbytati.com\/pt-br\/wp-json\/wp\/v2\/pages\/215\/revisions\/373"}],"wp:attachment":[{"href":"https:\/\/babysleepbytati.com\/pt-br\/wp-json\/wp\/v2\/media?parent=215"}],"curies":[{"name":"wp","href":"https:\/\/api.w.org\/{rel}","templated":true}]}}