{"id":208,"date":"2025-09-10T08:27:21","date_gmt":"2025-09-10T06:27:21","guid":{"rendered":"https:\/\/babysleepbytati.com\/inicio\/"},"modified":"2025-10-05T21:25:21","modified_gmt":"2025-10-05T19:25:21","slug":"inicio","status":"publish","type":"page","link":"https:\/\/babysleepbytati.com\/pt-br\/","title":{"rendered":"In\u00edcio"},"content":{"rendered":"<div class=\"wpb-content-wrapper\"><p>[vc_row equal_height=&#8221;yes&#8221; content_placement=&#8221;middle&#8221;][vc_column width=&#8221;1\/2&#8243;][vc_single_image image=&#8221;31&#8243; img_size=&#8221;large&#8221; alignment=&#8221;center&#8221; css=&#8221;&#8221;][vc_column_text css=&#8221;&#8221;]<\/p>\n<h2 style=\"text-align: center;\">Seu beb\u00ea dorme&#8230;<\/h2>\n<h2 style=\"text-align: center;\">Voc\u00ea tamb\u00e9m<\/h2>\n<p>[\/vc_column_text][\/vc_column][vc_column width=&#8221;1\/2&#8243;][vc_single_image image=&#8221;209&#8243; img_size=&#8221;large&#8221; alignment=&#8221;center&#8221; style=&#8221;vc_box_circle_2&#8243; css=&#8221;&#8221;][\/vc_column][\/vc_row][vc_row full_width=&#8221;stretch_row&#8221; equal_height=&#8221;yes&#8221; content_placement=&#8221;middle&#8221; bg_type=&#8221;grad&#8221; bg_grad=&#8221;background: -webkit-gradient(linear, left top, left bottom, color-stop(0%, #CDFFD8), color-stop(100%, #94B9FF));background: -moz-linear-gradient(left,#CDFFD8 0%,#94B9FF 100%);background: -webkit-linear-gradient(left,#CDFFD8 0%,#94B9FF 100%);background: -o-linear-gradient(left,#CDFFD8 0%,#94B9FF 100%);background: -ms-linear-gradient(left,#CDFFD8 0%,#94B9FF 100%);background: linear-gradient(left,#CDFFD8 0%,#94B9FF 100%);&#8221;][vc_column width=&#8221;1\/2&#8243;][vc_single_image image=&#8221;210&#8243; img_size=&#8221;288&#215;512&#8243; alignment=&#8221;center&#8221; css=&#8221;&#8221; el_class=&#8221;trece-1&#8243;][\/vc_column][vc_column width=&#8221;1\/2&#8243;][vc_column_text css=&#8221;&#8221;]<\/p>\n<h2>Voc\u00ea conhece a import\u00e2ncia do sono do seu beb\u00ea?<\/h2>\n<p>O sono n\u00e3o \u00e9 apenas um momento de descanso: \u00c9 uma necessidade vital para o correto desenvolvimento neurol\u00f3gico e fisiol\u00f3gico do seu beb\u00ea. Enquanto dorme, seu c\u00e9rebro processa e consolida o que aprendeu durante o dia, fortalece as conex\u00f5es neurais e favorece o desenvolvimento da mem\u00f3ria. A n\u00edvel f\u00edsico, o sono profundo estimula a libera\u00e7\u00e3o do horm\u00f4nio do crescimento, refor\u00e7a o sistema imunol\u00f3gico e regula fun\u00e7\u00f5es essenciais como a temperatura corporal e o metabolismo. Um bom descanso nos primeiros meses e anos de vida estabelece as bases para um desenvolvimento \u00f3timo, uma melhor regula\u00e7\u00e3o emocional e um aprendizado mais eficaz<\/p>\n<p>[\/vc_column_text][\/vc_column][\/vc_row][vc_row full_width=&#8221;stretch_row&#8221; css=&#8221;.vc_custom_1759312446141{background-color: #FFAD91 !important;}&#8221;][vc_column][vc_column_text css=&#8221;&#8221;]<\/p>\n<h2 style=\"text-align: center;\">Suas noites s\u00e3o dif\u00edceis?<\/h2>\n<p>[\/vc_column_text]<div id=\"ult-carousel-150201375469e02137f2029\" class=\"ult-carousel-wrapper   ult_horizontal\" data-gutter=\"15\" data-rtl=\"false\" ><div class=\"ult-carousel-386423718669e02137f1efd \" >[vc_row_inner][vc_column_inner][vc_single_image image=&#8221;63&#8243; alignment=&#8221;center&#8221; css_animation=&#8221;none&#8221; css=&#8221;&#8221; el_class=&#8221;trece-2&#8243;][vc_column_text css=&#8221;&#8221;]<\/p>\n<p style=\"text-align: center;\"><strong>Ele acorda v\u00e1rias vezes durante a noite?<\/strong><\/p>\n<p style=\"text-align: center;\">Se seu beb\u00ea acorda v\u00e1rias vezes durante a noite, n\u00e3o \u00e9 algo com o qual voc\u00ea tenha que conviver para sempre.<\/p>\n<p>[\/vc_column_text][\/vc_column_inner][\/vc_row_inner][vc_row_inner][vc_column_inner][vc_single_image image=&#8221;64&#8243; alignment=&#8221;center&#8221; css_animation=&#8221;none&#8221; css=&#8221;&#8221; el_class=&#8221;trece-3&#8243;][vc_column_text css=&#8221;&#8221;]<\/p>\n<p style=\"text-align: center;\"><strong>Voc\u00ea tem dificuldade para faz\u00ea-lo dormir?<\/strong><\/p>\n<div class=\"_2UyCZQ vkN2Cw Mb8E_A e1_zQg\" lang=\"es-ES\">\n<p class=\"_28USrA AfeL7g XN6uKA _4N4NA\" style=\"text-align: center;\"><span class=\"a_GcMg\">N\u00e3o precisa ser sempre assim. Com as orienta\u00e7\u00f5es adequadas e um acompanhamento respeitoso, seu beb\u00ea pode aprender a conciliar o sono de<\/span> <span class=\"a_GcMg\">maneira mais \u00e1gil<\/span><\/p>\n<\/div>\n<p>[\/vc_column_text][\/vc_column_inner][\/vc_row_inner][vc_row_inner][vc_column_inner][vc_single_image image=&#8221;65&#8243; alignment=&#8221;center&#8221; css_animation=&#8221;none&#8221; css=&#8221;&#8221; el_class=&#8221;trece-4&#8243;][vc_column_text css=&#8221;&#8221;]<\/p>\n<p style=\"text-align: center;\"><strong>Ele s\u00f3 dorme com voc\u00ea?<\/strong><\/p>\n<p style=\"text-align: center;\"><span class=\"a_GcMg\">Seu beb\u00ea pode aprender a dormir em seu pr\u00f3prio espa\u00e7o de forma segura e tranquila, sem deixar de sentir seu amor e proximidade.<\/span><\/p>\n<p>[\/vc_column_text][\/vc_column_inner][\/vc_row_inner]<\/div><\/div>\t\t\t<script type=\"text\/javascript\">\n\t\t\t\tjQuery(document).ready(function ($) {\n\t\t\t\t\tif( typeof jQuery('.ult-carousel-386423718669e02137f1efd').slick == \"function\"){\n\t\t\t\t\t\t$('.ult-carousel-386423718669e02137f1efd').slick({dots: false,autoplay: true,autoplaySpeed: \"5000\",speed: \"300\",infinite: true,arrows: true,nextArrow: '<button type=\"button\" role=\"button\" aria-label=\"Next\" style=\"color:#333333; font-size:20px;\" class=\"slick-next default\"><i class=\"ultsl-arrow-right4\"><\/i><\/button>',prevArrow: '<button type=\"button\" role=\"button\" aria-label=\"Previous\" style=\"color:#333333; font-size:20px;\" class=\"slick-prev default\"><i class=\"ultsl-arrow-left4\"><\/i><\/button>',slidesToScroll:3,slidesToShow:3,swipe: true,draggable: true,touchMove: true,pauseOnHover: true,pauseOnFocus: false,responsive: [\n\t\t\t\t\t\t\t{\n\t\t\t\t\t\t\t  breakpoint: 1026,\n\t\t\t\t\t\t\t  settings: {\n\t\t\t\t\t\t\t\tslidesToShow: 3,\n\t\t\t\t\t\t\t\tslidesToScroll: 3,  \n\t\t\t\t\t\t\t  }\n\t\t\t\t\t\t\t},\n\t\t\t\t\t\t\t{\n\t\t\t\t\t\t\t  breakpoint: 1025,\n\t\t\t\t\t\t\t  settings: {\n\t\t\t\t\t\t\t\tslidesToShow: 2,\n\t\t\t\t\t\t\t\tslidesToScroll: 2\n\t\t\t\t\t\t\t  }\n\t\t\t\t\t\t\t},\n\t\t\t\t\t\t\t{\n\t\t\t\t\t\t\t  breakpoint: 760,\n\t\t\t\t\t\t\t  settings: {\n\t\t\t\t\t\t\t\tslidesToShow: 1,\n\t\t\t\t\t\t\t\tslidesToScroll: 1\n\t\t\t\t\t\t\t  }\n\t\t\t\t\t\t\t}\n\t\t\t\t\t\t],pauseOnDotsHover: true,customPaging: function(slider, i) {\n                   return '<i type=\"button\" style= \"color:#333333;\" class=\"ultsl-record\" data-role=\"none\"><\/i>';\n                },});\n\t\t\t\t\t}\n\t\t\t\t});\n\t\t\t<\/script>\n\t\t\t[\/vc_column][\/vc_row][vc_row full_width=&#8221;stretch_row&#8221; css=&#8221;.vc_custom_1759312466542{background-color: #F9BF76 !important;}&#8221;][vc_column][vc_column_text css=&#8221;&#8221;]<\/p>\n<h2 style=\"text-align: center;\">Vou ajudar voc\u00ea a melhorar o sono de todos em casa<\/h2>\n<p>[\/vc_column_text]<div id=\"ult-carousel-286015992769e02137f20ba\" class=\"ult-carousel-wrapper   ult_horizontal\" data-gutter=\"15\" data-rtl=\"false\" ><div class=\"ult-carousel-216178082969e02137f20a6 \" >[vc_row_inner][vc_column_inner][vc_single_image image=&#8221;71&#8243; alignment=&#8221;center&#8221; css_animation=&#8221;fadeIn&#8221; css=&#8221;&#8221; el_class=&#8221;trece-3&#8243;][vc_column_text css=&#8221;&#8221;]<\/p>\n<p style=\"text-align: center;\"><strong>Dormir bem n\u00e3o \u00e9 um luxo<\/strong><\/p>\n<p style=\"text-align: center;\">\u00e9 a base da sa\u00fade e do bem-estar de toda a fam\u00edlia. N\u00e3o se trata de &#8216;ter sorte&#8217; ou de &#8216;crian\u00e7as f\u00e1ceis&#8217;, mas de entender que o sono \u00e9 t\u00e3o essencial quanto a alimenta\u00e7\u00e3o ou o carinho.<\/p>\n<p>[\/vc_column_text][\/vc_column_inner][\/vc_row_inner][vc_row_inner][vc_column_inner][vc_single_image image=&#8221;72&#8243; alignment=&#8221;center&#8221; css_animation=&#8221;fadeIn&#8221; css=&#8221;&#8221; el_class=&#8221;trece-4&#8243;][vc_column_text css=&#8221;&#8221;]<\/p>\n<p style=\"text-align: center;\"><strong>Todos podem descansar em Casa<\/strong><\/p>\n<p style=\"text-align: center;\">\u00e9 o meu lema como consultora de sono infantil. Porque o descanso de qualidade come\u00e7a no lar: um ambiente seguro, rotinas afetuosas e h\u00e1bitos adaptados a cada fam\u00edlia<\/p>\n<p>[\/vc_column_text][\/vc_column_inner][\/vc_row_inner][vc_row_inner][vc_column_inner][vc_single_image image=&#8221;74&#8243; alignment=&#8221;center&#8221; css_animation=&#8221;fadeIn&#8221; css=&#8221;&#8221; el_class=&#8221;trece-5&#8243;][vc_column_text css=&#8221;&#8221;]<\/p>\n<p style=\"text-align: center;\"><strong>A import\u00e2ncia do sono<\/strong><\/p>\n<p style=\"text-align: center;\">no desenvolvimento do seu beb\u00ea \u00e9 o pilar do meu trabalho como consultora. Um descanso reparador n\u00e3o s\u00f3 fortalece seu crescimento f\u00edsico e emocional, mas tamb\u00e9m potencializa seu aprendizado, humor e bem-estar<\/p>\n<p>[\/vc_column_text][\/vc_column_inner][\/vc_row_inner]<\/div><\/div>\t\t\t<script type=\"text\/javascript\">\n\t\t\t\tjQuery(document).ready(function ($) {\n\t\t\t\t\tif( typeof jQuery('.ult-carousel-216178082969e02137f20a6').slick == \"function\"){\n\t\t\t\t\t\t$('.ult-carousel-216178082969e02137f20a6').slick({dots: false,autoplaySpeed: \"5000\",speed: \"300\",infinite: true,arrows: true,nextArrow: '<button type=\"button\" role=\"button\" aria-label=\"Next\" style=\"color:#333333; font-size:20px;\" class=\"slick-next default\"><i class=\"ultsl-arrow-right4\"><\/i><\/button>',prevArrow: '<button type=\"button\" role=\"button\" aria-label=\"Previous\" style=\"color:#333333; font-size:20px;\" class=\"slick-prev default\"><i class=\"ultsl-arrow-left4\"><\/i><\/button>',slidesToScroll:3,slidesToShow:3,swipe: true,draggable: true,touchMove: true,pauseOnHover: true,pauseOnFocus: false,responsive: [\n\t\t\t\t\t\t\t{\n\t\t\t\t\t\t\t  breakpoint: 1026,\n\t\t\t\t\t\t\t  settings: {\n\t\t\t\t\t\t\t\tslidesToShow: 3,\n\t\t\t\t\t\t\t\tslidesToScroll: 3,  \n\t\t\t\t\t\t\t  }\n\t\t\t\t\t\t\t},\n\t\t\t\t\t\t\t{\n\t\t\t\t\t\t\t  breakpoint: 1025,\n\t\t\t\t\t\t\t  settings: {\n\t\t\t\t\t\t\t\tslidesToShow: 2,\n\t\t\t\t\t\t\t\tslidesToScroll: 2\n\t\t\t\t\t\t\t  }\n\t\t\t\t\t\t\t},\n\t\t\t\t\t\t\t{\n\t\t\t\t\t\t\t  breakpoint: 760,\n\t\t\t\t\t\t\t  settings: {\n\t\t\t\t\t\t\t\tslidesToShow: 1,\n\t\t\t\t\t\t\t\tslidesToScroll: 1\n\t\t\t\t\t\t\t  }\n\t\t\t\t\t\t\t}\n\t\t\t\t\t\t],pauseOnDotsHover: true,customPaging: function(slider, i) {\n                   return '<i type=\"button\" style= \"color:#333333;\" class=\"ultsl-record\" data-role=\"none\"><\/i>';\n                },});\n\t\t\t\t\t}\n\t\t\t\t});\n\t\t\t<\/script>\n\t\t\t[\/vc_column][\/vc_row][vc_row][vc_column width=&#8221;1\/2&#8243;][vc_column_text css=&#8221;&#8221;]<\/p>\n<h2>Quem sou eu?<\/h2>\n<p>Sou Tatiana, m\u00e3e do Gabriel, brasileira de cora\u00e7\u00e3o e espanhola de vida h\u00e1 mais de 15 anos. Depois de anos trabalhando no mundo financeiro, a maternidade me mudou e me levou a repensar tudo. Meu filho me ensinou que o sono infantil n\u00e3o \u00e9 simplesmente &#8220;fechar os olhos&#8221;, mas um processo delicado que afeta toda a fam\u00edlia. Vivi na pele o cansa\u00e7o, a culpa e a necessidade de encontrar respostas. Assim descobri a consultoria de sono infantil e me formei para ajudar outras m\u00e3es a percorrer esse mesmo caminho com mais informa\u00e7\u00e3o, menos culpa&#8230; e muito mais descanso. Hoje acompanho fam\u00edlias com respeito, empatia e ci\u00eancia, porque acredito profundamente que uma m\u00e3e descansada \u00e9 uma m\u00e3e mais dispon\u00edvel para amar.[\/vc_column_text][\/vc_column][vc_column width=&#8221;1\/2&#8243;][vc_single_image image=&#8221;211&#8243; img_size=&#8221;large&#8221; alignment=&#8221;center&#8221; style=&#8221;vc_box_circle_2&#8243; css_animation=&#8221;bounceIn&#8221; css=&#8221;&#8221;][\/vc_column][\/vc_row]<\/p>\n<\/div>","protected":false},"excerpt":{"rendered":"<p>[vc_row equal_height=&#8221;yes&#8221; content_placement=&#8221;middle&#8221;][vc_column width=&#8221;1\/2&#8243;][vc_single_image image=&#8221;31&#8243; img_size=&#8221;large&#8221; alignment=&#8221;center&#8221; css=&#8221;&#8221;][vc_column_text css=&#8221;&#8221;] Seu beb\u00ea dorme&#8230; Voc\u00ea tamb\u00e9m [\/vc_column_text][\/vc_column][vc_column width=&#8221;1\/2&#8243;][vc_single_image image=&#8221;209&#8243; img_size=&#8221;large&#8221; alignment=&#8221;center&#8221; style=&#8221;vc_box_circle_2&#8243; [&hellip;]<\/p>\n","protected":false},"author":1,"featured_media":219,"parent":0,"menu_order":0,"comment_status":"closed","ping_status":"closed","template":"","meta":{"site-sidebar-layout":"no-sidebar","site-content-layout":"plain-container","ast-site-content-layout":"default","site-content-style":"default","site-sidebar-style":"default","ast-global-header-display":"","ast-banner-title-visibility":"","ast-main-header-display":"","ast-hfb-above-header-display":"","ast-hfb-below-header-display":"","ast-hfb-mobile-header-display":"","site-post-title":"disabled","ast-breadcrumbs-content":"","ast-featured-img":"disabled","footer-sml-layout":"","ast-disable-related-posts":"","theme-transparent-header-meta":"default","adv-header-id-meta":"","stick-header-meta":"","header-above-stick-meta":"","header-main-stick-meta":"","header-below-stick-meta":"","astra-migrate-meta-layouts":"default","ast-page-background-enabled":"default","ast-page-background-meta":{"desktop":{"background-color":"var(--ast-global-color-5)","background-image":"","background-repeat":"repeat","background-position":"center center","background-size":"auto","background-attachment":"scroll","background-type":"","background-media":"","overlay-type":"","overlay-color":"","overlay-opacity":"","overlay-gradient":""},"tablet":{"background-color":"","background-image":"","background-repeat":"repeat","background-position":"center center","background-size":"auto","background-attachment":"scroll","background-type":"","background-media":"","overlay-type":"","overlay-color":"","overlay-opacity":"","overlay-gradient":""},"mobile":{"background-color":"","background-image":"","background-repeat":"repeat","background-position":"center center","background-size":"auto","background-attachment":"scroll","background-type":"","background-media":"","overlay-type":"","overlay-color":"","overlay-opacity":"","overlay-gradient":""}},"ast-content-background-meta":{"desktop":{"background-color":"var(--ast-global-color-4)","background-image":"","background-repeat":"repeat","background-position":"center center","background-size":"auto","background-attachment":"scroll","background-type":"","background-media":"","overlay-type":"","overlay-color":"","overlay-opacity":"","overlay-gradient":""},"tablet":{"background-color":"var(--ast-global-color-4)","background-image":"","background-repeat":"repeat","background-position":"center center","background-size":"auto","background-attachment":"scroll","background-type":"","background-media":"","overlay-type":"","overlay-color":"","overlay-opacity":"","overlay-gradient":""},"mobile":{"background-color":"var(--ast-global-color-4)","background-image":"","background-repeat":"repeat","background-position":"center center","background-size":"auto","background-attachment":"scroll","background-type":"","background-media":"","overlay-type":"","overlay-color":"","overlay-opacity":"","overlay-gradient":""}},"_joinchat":[],"footnotes":""},"class_list":["post-208","page","type-page","status-publish","has-post-thumbnail","hentry"],"_links":{"self":[{"href":"https:\/\/babysleepbytati.com\/pt-br\/wp-json\/wp\/v2\/pages\/208","targetHints":{"allow":["GET"]}}],"collection":[{"href":"https:\/\/babysleepbytati.com\/pt-br\/wp-json\/wp\/v2\/pages"}],"about":[{"href":"https:\/\/babysleepbytati.com\/pt-br\/wp-json\/wp\/v2\/types\/page"}],"author":[{"embeddable":true,"href":"https:\/\/babysleepbytati.com\/pt-br\/wp-json\/wp\/v2\/users\/1"}],"replies":[{"embeddable":true,"href":"https:\/\/babysleepbytati.com\/pt-br\/wp-json\/wp\/v2\/comments?post=208"}],"version-history":[{"count":2,"href":"https:\/\/babysleepbytati.com\/pt-br\/wp-json\/wp\/v2\/pages\/208\/revisions"}],"predecessor-version":[{"id":214,"href":"https:\/\/babysleepbytati.com\/pt-br\/wp-json\/wp\/v2\/pages\/208\/revisions\/214"}],"wp:featuredmedia":[{"embeddable":true,"href":"https:\/\/babysleepbytati.com\/pt-br\/wp-json\/wp\/v2\/media\/219"}],"wp:attachment":[{"href":"https:\/\/babysleepbytati.com\/pt-br\/wp-json\/wp\/v2\/media?parent=208"}],"curies":[{"name":"wp","href":"https:\/\/api.w.org\/{rel}","templated":true}]}}